{"id":551,"date":"2018-11-27T09:17:08","date_gmt":"2018-11-27T09:17:08","guid":{"rendered":"http:\/\/swissbeds.com\/?page_id=551"},"modified":"2025-04-08T08:35:34","modified_gmt":"2025-04-08T07:35:34","slug":"about","status":"publish","type":"page","link":"https:\/\/swissbeds.com\/fr\/about\/","title":{"rendered":"About"},"content":{"rendered":"\n\t<h1>\n\t\t\t\t\t\u00c0 PROPOS DE NOUS\n\t\t\t\t<\/h1>\n\t\t\t<p>OTP Swiss Holidays ~ Depuis 1992<\/p>\t\t\n\t<h2>\n\t\t\t\t\tR\u00c9SERVER AVEC CONFIANCE\n\t\t\t\t<\/h2>\n\t\t\t<p>SwissBeds.com fait partie de OTP Swiss Holidays, une soci\u00e9t\u00e9 Suisse bas\u00e9e \u00e0 Zermatt, num\u00e9ro d&rsquo;entreprise CHE-358.001.490\u00a0Lorsque vous cliquez sur le bouton BOOK A SWISS BED \/ R\u00c9SERVER UN LIT SUISSE, vous acc\u00e9dez \u00e0 une page sp\u00e9ciale d\u2019OTP Swiss Holidays et le puissant moteur de recherche vous permet de consulter en direct les disponibilit\u00e9s et de r\u00e9server des appartements, des chalets et des h\u00f4tels.\u00a0Vous pouvez r\u00e9server en ligne en toute s\u00e9curit\u00e9 par carte de cr\u00e9dit, carte de d\u00e9bit ou PayPal.\u00a0Nous offrons la plus large gamme de logements dans toute la Suisse et, gr\u00e2ce \u00e0 la cr\u00e9ation de OTP Holidays en 1992, vous pouvez r\u00e9server en toute s\u00e9curit\u00e9 et en \u00e9tant s\u00fbr que nous vous offrons le meilleur rapport qualit\u00e9-prix.\u00a0Nous sommes \u00e9galement des agents de billetterie complets pour le Swiss Travel System et les CFF\/SBB\/FFS, donc si vous avez besoin de billets de train, nous pouvons vous les fournir \u00e9galement.\u00a0Si vous avez des questions pendant le processus de r\u00e9servation, n&rsquo;h\u00e9sitez pas \u00e0 nous contacter par t\u00e9l\u00e9phone ou par notre service de chat en direct sur Internet.<\/p>\t\t\n\t\t\t\t<img decoding=\"async\" src=\"http:\/\/swissbeds.com\/wp-content\/uploads\/2020\/11\/Herbst-Matterhorn-Zermatt-scaled.jpg\" alt=\"Herbst Matterhorn Zermatt\" itemprop=\"image\"\/>\n\t\t\t<a href=\"https:\/\/www.otp.co.uk\/viewer\/swissbeds\" target=\"_blank\" role=\"button\" rel=\"noopener\" >\n\t\t\t\t\t\tR\u00c9SERVER UN LIT SUISSE\n\t\t\t\t\t<\/a>\n","protected":false},"excerpt":{"rendered":"<p>\u00c0 PROPOS DE NOUS OTP Swiss Holidays ~ Depuis 1992 R\u00c9SERVER AVEC CONFIANCE SwissBeds.com fait partie de OTP Swiss Holidays, une soci\u00e9t\u00e9 Suisse bas\u00e9e \u00e0 Zermatt, num\u00e9ro d&rsquo;entreprise CHE-358.001.490\u00a0Lorsque vous cliquez sur le bouton BOOK A SWISS BED \/ R\u00c9SERVER UN LIT SUISSE, vous acc\u00e9dez \u00e0 une page sp\u00e9ciale d\u2019OTP Swiss Holidays et le puissant &hellip;<\/p>\n<p class=\"read-more\"> <a class=\"\" href=\"https:\/\/swissbeds.com\/fr\/about\/\"> <span class=\"screen-reader-text\">About<\/span> Lire la suite\u00a0\u00bb<\/a><\/p>\n","protected":false},"author":1,"featured_media":0,"parent":0,"menu_order":0,"comment_status":"closed","ping_status":"closed","template":"","meta":{"footnotes":""},"class_list":["post-551","page","type-page","status-publish","hentry"],"_links":{"self":[{"href":"https:\/\/swissbeds.com\/fr\/wp-json\/wp\/v2\/pages\/551","targetHints":{"allow":["GET"]}}],"collection":[{"href":"https:\/\/swissbeds.com\/fr\/wp-json\/wp\/v2\/pages"}],"about":[{"href":"https:\/\/swissbeds.com\/fr\/wp-json\/wp\/v2\/types\/page"}],"author":[{"embeddable":true,"href":"https:\/\/swissbeds.com\/fr\/wp-json\/wp\/v2\/users\/1"}],"replies":[{"embeddable":true,"href":"https:\/\/swissbeds.com\/fr\/wp-json\/wp\/v2\/comments?post=551"}],"version-history":[{"count":11,"href":"https:\/\/swissbeds.com\/fr\/wp-json\/wp\/v2\/pages\/551\/revisions"}],"predecessor-version":[{"id":745,"href":"https:\/\/swissbeds.com\/fr\/wp-json\/wp\/v2\/pages\/551\/revisions\/745"}],"wp:attachment":[{"href":"https:\/\/swissbeds.com\/fr\/wp-json\/wp\/v2\/media?parent=551"}],"curies":[{"name":"wp","href":"https:\/\/api.w.org\/{rel}","templated":true}]}}