{"id":559,"date":"2018-11-27T09:17:56","date_gmt":"2018-11-27T09:17:56","guid":{"rendered":"http:\/\/swissbeds.com\/contact\/"},"modified":"2025-04-08T08:33:44","modified_gmt":"2025-04-08T07:33:44","slug":"contact","status":"publish","type":"page","link":"https:\/\/swissbeds.com\/fr\/contact\/","title":{"rendered":"Contact"},"content":{"rendered":"\n\t<h1>\n\t\t\t\t\tContact \n\t\t\t\t<\/h1>\n\t\t\t<p>OTP Swiss Holidays ~ Depuis 1992<\/p>\t\t\n\t<h2>\n\t\t\t\t\tNOUS SOMMES PR\u00caTS, PARLONS.\n\t\t\t\t<\/h2>\n\t<p>Le moteur de r\u00e9servation est ouvert 24 heures sur 24 et vous pouvez nous appeler 7 jours sur 7, de 09h00 \u00e0 19h00<\/p>\n\t\t\t<a href=\"https:\/\/www.otp.co.uk\/viewer\/swissbeds\" target=\"_blank\" role=\"button\" rel=\"noopener\" >\n\t\t\t\t\t\tR\u00c9SERVER UN LIT SUISSE\n\t\t\t\t\t<\/a>\n\t<h2>\n\t\t\t\t\tINFORMATIONS DE CONTACT\n\t\t\t\t<\/h2>\n\t<h6>\n\t\t\t\t\tAdresse\n\t\t\t\t<\/h6>\n\t\t\t<p>OTP Swiss Holidays, <br \/>Haus Verte Rive, <br \/>Winkelmattenweg 57, <br \/>3920 Zermatt, <br \/>Suisse<\/p>\t\t\n\t<h6>\n\t\t\t\t\tEnvoyez-nous un email\n\t\t\t\t<\/h6>\n\t\t\t<p>bookings@swissbeds.com<\/p>\t\t\n\t<h6>\n\t\t\t\t\tAppelez-nous\n\t\t\t\t<\/h6>\n\t\t\t<p>+41 (0)27 967 0940<\/p>\t\t\n","protected":false},"excerpt":{"rendered":"<p>Contact OTP Swiss Holidays ~ Depuis 1992 NOUS SOMMES PR\u00caTS, PARLONS. Le moteur de r\u00e9servation est ouvert 24 heures sur 24 et vous pouvez nous appeler 7 jours sur 7, de 09h00 \u00e0 19h00 R\u00c9SERVER UN LIT SUISSE INFORMATIONS DE CONTACT Adresse OTP Swiss Holidays, Haus Verte Rive, Winkelmattenweg 57, 3920 Zermatt, Suisse Envoyez-nous un &hellip;<\/p>\n<p class=\"read-more\"> <a class=\"\" href=\"https:\/\/swissbeds.com\/fr\/contact\/\"> <span class=\"screen-reader-text\">Contact<\/span> Lire la suite\u00a0\u00bb<\/a><\/p>\n","protected":false},"author":1,"featured_media":0,"parent":0,"menu_order":0,"comment_status":"closed","ping_status":"closed","template":"","meta":{"footnotes":""},"class_list":["post-559","page","type-page","status-publish","hentry"],"_links":{"self":[{"href":"https:\/\/swissbeds.com\/fr\/wp-json\/wp\/v2\/pages\/559","targetHints":{"allow":["GET"]}}],"collection":[{"href":"https:\/\/swissbeds.com\/fr\/wp-json\/wp\/v2\/pages"}],"about":[{"href":"https:\/\/swissbeds.com\/fr\/wp-json\/wp\/v2\/types\/page"}],"author":[{"embeddable":true,"href":"https:\/\/swissbeds.com\/fr\/wp-json\/wp\/v2\/users\/1"}],"replies":[{"embeddable":true,"href":"https:\/\/swissbeds.com\/fr\/wp-json\/wp\/v2\/comments?post=559"}],"version-history":[{"count":8,"href":"https:\/\/swissbeds.com\/fr\/wp-json\/wp\/v2\/pages\/559\/revisions"}],"predecessor-version":[{"id":743,"href":"https:\/\/swissbeds.com\/fr\/wp-json\/wp\/v2\/pages\/559\/revisions\/743"}],"wp:attachment":[{"href":"https:\/\/swissbeds.com\/fr\/wp-json\/wp\/v2\/media?parent=559"}],"curies":[{"name":"wp","href":"https:\/\/api.w.org\/{rel}","templated":true}]}}