{"id":595,"date":"2018-11-27T09:16:54","date_gmt":"2018-11-27T09:16:54","guid":{"rendered":"http:\/\/swissbeds.com\/home\/"},"modified":"2025-04-08T08:38:52","modified_gmt":"2025-04-08T07:38:52","slug":"home","status":"publish","type":"page","link":"https:\/\/swissbeds.com\/fr\/","title":{"rendered":"Home"},"content":{"rendered":"\n\t\t\t\t<img decoding=\"async\" src=\"http:\/\/swissbeds.com\/wp-content\/uploads\/2021\/02\/sb5a.png\" alt=\"sb5a\" itemprop=\"image\" title=\"sb5a\" onerror=\"this.style.display='none'\"  \/>\n\t<h4>\n\t\t\t\t\tSwiss Beds ~ Prenez des vacances dans la r\u00e9gion\n\t\t\t\t<\/h4>\n\t<h1>\n\t\t\t\t\tRESTEZ EN SUISSE CETTE ANN\u00c9E!\n\t\t\t\t<\/h1>\n\t\t\t\t<img decoding=\"async\" src=\"http:\/\/swissbeds.com\/wp-content\/uploads\/2018\/11\/quote-1.png\" alt=\"quote\" itemprop=\"image\"\/>\n\t<h4>\n\t\t\t\t\tSwiss Beds\n\t\t\t\t<\/h4>\n\t\t\t<p>Votre portail de r\u00e9servation en ligne s\u00e9curis\u00e9 pour le plus grand choix d&rsquo;h\u00e9bergements de r\u00eave en Suisse.<\/p>\t\t\n\t\t\t\t<img decoding=\"async\" src=\"http:\/\/swissbeds.com\/wp-content\/uploads\/2018\/11\/quote-1.png\" alt=\"quote\" itemprop=\"image\"\/>\n\t\t\t<a href=\"https:\/\/otp.co.uk\/viewer\/swissbeds\/\" target=\"_blank\" rel=\"noopener\"class=\"uabb-button uabb-creative-button uabb-creative-default-btn   \"  role=\"button\">\n\t\t\t\t\t\tR\u00c9SERVER UN LIT SUISSE&#8230;\n\t\t<\/a>\n\t<h2>\n\t\t\t\t\tH\u00c9BERGEMENT\n\t\t\t\t<\/h2>\n\t\t\t\t<img decoding=\"async\" src=\"http:\/\/swissbeds.com\/wp-content\/uploads\/2020\/11\/aquarius.jpg\" alt=\"aquarius\" itemprop=\"image\"\/>\n\t<h5>\n\t\t\t\t\tAppartements et chalets\n\t\t\t\t<\/h5>\n\t\t\t<p>Nous vous proposons une large gamme d&rsquo;appartements et de chalets de 2 \u00e0 14 personnes, et de 2 \u00e0 5 \u00e9toiles de qualit\u00e9.<\/p>\t\t\n\t\t\t\t<img decoding=\"async\" src=\"http:\/\/swissbeds.com\/wp-content\/uploads\/2020\/11\/zermatterhof.jpg\" alt=\"zermatterhof\" itemprop=\"image\"\/>\n\t<h5>\n\t\t\t\t\tH\u00f4tels\n\t\t\t\t<\/h5>\n\t\t\t<p>Nous avons un large choix d&rsquo;h\u00f4tels \u00e0 votre disposition. Il vous suffit de choisir la qualit\u00e9 souhait\u00e9e et les types de chambres seront affich\u00e9s\u00a0<\/p>\t\t\n\t<h2>\n\t\t\t\t\tRESTEZ EN SUISSE CETTE ANN\u00c9E!\n\t\t\t\t<\/h2>\n\t<p>SwissBeds fait partie de OTP Swiss Holidays, une soci\u00e9t\u00e9 suisse bas\u00e9e \u00e0 Zermatt (plus d&rsquo;informations dans l&rsquo;onglet \u00ab\u00a0<a href=\"https:\/\/swissbeds.com.local\/fr\/about\/\"><strong>About Us<\/strong><\/a>\u00ab\u00a0)<\/p>\n<p>Nous avons les disponibilit\u00e9s et les fonctions de r\u00e9servations en direct et si vous avez des questions, vous pouvez nous appeler, nous envoyer un email ou utiliser notre service de chat en direct.<\/p>\n<p>Avec des appartements, chalets et h\u00f4tels de toutes cat\u00e9gories disponibles dans toute la Suisse, il suffit de cliquer sur le bouton ci-dessous pour acc\u00e9der \u00e0 notre puissant moteur de recherche OTP afin de visualiser et de r\u00e9server tous les logements disponibles pour la destination et les dates que vous souhaitez.<\/p>\n<p>Contrairement \u00e0 Airbnb, tous nos appartements et chalets sont inspect\u00e9s et class\u00e9s par Hotelplan (Division des maisons de vacances) et les h\u00f4tels sont class\u00e9s par Hotelleriesuisse. Vous pouvez \u00eatre s\u00fbr de la qualit\u00e9 et des descriptions des accommodations.<\/p>\n\t\t\t<a href=\"https:\/\/otp.co.uk\/viewer\/swissbeds\/\" target=\"_blank\" rel=\"noopener\"class=\"uabb-button uabb-creative-button uabb-creative-default-btn   \"  role=\"button\">\n\t\t\t\t\t\tR\u00c9SERVER UN LIT SUISSE&#8230;\n\t\t<\/a>\n\t\t\t\t<img decoding=\"async\" src=\"http:\/\/swissbeds.com\/wp-content\/uploads\/2020\/11\/OTP-Swiss-Holidays-Logo-for-dark-backgrounds-transparent-background-e1604672324649.png\" alt=\"OTP Swiss Holidays Logo - for dark backgrounds - transparent background - small\" itemprop=\"image\"\/>\n\t<h2>\n\t\t\t\t\tLES MEILLEURES DESTINATIONS SUISSES POUR L&rsquo;HIVER 2024\/25\n\t\t\t\t<\/h2>\n\t\t\t<p>Choisissez parmi plus de 30 stations de ski de r\u00eaves en Suisse, d&rsquo;Adelboden \u00e0 Zermatt et bien d&rsquo;autres encore !Nous pouvons \u00e9galement vous proposer des forfaits de ski et du mat\u00e9riel de location \u00e0 prix r\u00e9duit dans la plupart des stations, si vous le souhaitez.<\/p>\t\t\n\t\t\t<a href=\"https:\/\/otp.co.uk\/viewer\/swissbeds\/\" target=\"_blank\" rel=\"noopener\"class=\"uabb-button uabb-creative-button uabb-creative-default-btn   \"  role=\"button\">\n\t\t\t\t\t\tR\u00c9SERVER UN LIT SUISSE&#8230;\n\t\t<\/a>\n\t\t\t\t<img decoding=\"async\" src=\"http:\/\/swissbeds.com\/wp-content\/uploads\/2020\/11\/ST0065371.jpg\" alt=\"Clean and Safe, touristische Leistungstr\u00c3\u00a4ger allgemein, Label, Hygiene\u00c2\u00a0\" itemprop=\"image\"\/>\n\t\t\t\t<img decoding=\"async\" src=\"http:\/\/swissbeds.com\/wp-content\/uploads\/2020\/11\/skiing-6-1024x684.jpg\" alt=\"skiing-6\" itemprop=\"image\"\/>\n\t\t\t\t<img decoding=\"async\" src=\"http:\/\/swissbeds.com\/wp-content\/uploads\/2020\/11\/skiing-14-1024x724.jpg\" alt=\"skiing-14\" itemprop=\"image\"\/>\n\t\t\t\t<img decoding=\"async\" src=\"http:\/\/swissbeds.com\/wp-content\/uploads\/2020\/11\/skiing-10-1024x683.jpg\" alt=\"skiing-10\" itemprop=\"image\"\/>\n\t<p>\u00a9 Pictures courtesy of @paulhammet (www.summitskischool.com), Louis Tovell (www.otp.ski) &amp; Chris Banford (www.flyzermatt.com), all rights reserved<\/p>\n","protected":false},"excerpt":{"rendered":"<p>Swiss Beds ~ Prenez des vacances dans la r\u00e9gion RESTEZ EN SUISSE CETTE ANN\u00c9E! Swiss Beds Votre portail de r\u00e9servation en ligne s\u00e9curis\u00e9 pour le plus grand choix d&rsquo;h\u00e9bergements de r\u00eave en Suisse. R\u00c9SERVER UN LIT SUISSE&#8230; H\u00c9BERGEMENT Appartements et chalets Nous vous proposons une large gamme d&rsquo;appartements et de chalets de 2 \u00e0 14 &hellip;<\/p>\n<p class=\"read-more\"> <a class=\"\" href=\"https:\/\/swissbeds.com\/fr\/\"> <span class=\"screen-reader-text\">Home<\/span> Lire la suite\u00a0\u00bb<\/a><\/p>\n","protected":false},"author":1,"featured_media":0,"parent":0,"menu_order":0,"comment_status":"closed","ping_status":"closed","template":"","meta":{"footnotes":""},"class_list":["post-595","page","type-page","status-publish","hentry"],"_links":{"self":[{"href":"https:\/\/swissbeds.com\/fr\/wp-json\/wp\/v2\/pages\/595","targetHints":{"allow":["GET"]}}],"collection":[{"href":"https:\/\/swissbeds.com\/fr\/wp-json\/wp\/v2\/pages"}],"about":[{"href":"https:\/\/swissbeds.com\/fr\/wp-json\/wp\/v2\/types\/page"}],"author":[{"embeddable":true,"href":"https:\/\/swissbeds.com\/fr\/wp-json\/wp\/v2\/users\/1"}],"replies":[{"embeddable":true,"href":"https:\/\/swissbeds.com\/fr\/wp-json\/wp\/v2\/comments?post=595"}],"version-history":[{"count":15,"href":"https:\/\/swissbeds.com\/fr\/wp-json\/wp\/v2\/pages\/595\/revisions"}],"predecessor-version":[{"id":746,"href":"https:\/\/swissbeds.com\/fr\/wp-json\/wp\/v2\/pages\/595\/revisions\/746"}],"wp:attachment":[{"href":"https:\/\/swissbeds.com\/fr\/wp-json\/wp\/v2\/media?parent=595"}],"curies":[{"name":"wp","href":"https:\/\/api.w.org\/{rel}","templated":true}]}}